{"id":168,"date":"2012-03-19T13:52:50","date_gmt":"2012-03-19T12:52:50","guid":{"rendered":"http:\/\/blogs.fhnw.ch\/zl\/?page_id=64"},"modified":"2023-11-30T22:09:51","modified_gmt":"2023-11-30T21:09:51","slug":"rezensionen","status":"publish","type":"page","link":"https:\/\/www.fhnw.ch\/plattformen\/zl\/rezensionen\/","title":{"rendered":"Kinder- und Jugendb\u00fccher"},"content":{"rendered":"<p>Jahr f\u00fcr Jahr erscheinen unz\u00e4hlige neue Kinder- und Jugendb\u00fccher. Unser Blog stellt Ihnen laufend die wichtigsten vor. St\u00f6bern Sie in unserem Archiv nach Kategorien oder nach Schlagw\u00f6rtern.<br \/>\n<!--\n\n\n\n<section class=\"posts-list posts-list--four\">\n\n\n<h2>Bestenlisten<\/h2>\n\n\n\n\n<article class=\"post\">\n\n\n<div class=\"post--img\" style=\"background: url('https:\/\/www.fhnw.ch\/plattformen\/zl\/wp-content\/themes\/zl-2k18\/dist\/\/images\/placeholder.jpg?id=74f7d804569c468fc7c9') center no-repeat;\"><img loading=\"lazy\" decoding=\"async\" class=\"js-lazy-img\" src=\"https:\/\/www.fhnw.ch\/plattformen\/zl\/wp-content\/uploads\/2019\/03\/buch_des_monats-501x304.jpg\" alt=\"\" width=\"501\" height=\"304\" \/>\n<noscript><img loading=\"lazy\" decoding=\"async\" width=\"501\" height=\"304\" src=\"https:\/\/www.fhnw.ch\/plattformen\/zl\/wp-content\/uploads\/2019\/03\/buch_des_monats-501x304.jpg\" class=\"js-lazy-img\" alt=\"\" \/><\/noscript><\/div>\n\n\n\n\n<h3>Buch des Monats<\/h3>\n\n\n<a href=\"https:\/\/www.fhnw.ch\/plattformen\/zl\/category\/rezensionen-kinder-und-jugendbucher\/00-buch-des-monats\/\"><span style=\"text-color: white;\">\u2013<\/span><\/a>\n\n<\/article>\n\n\n\n\n\n<article class=\"post\">\n\n\n<div class=\"post--img\" style=\"background: url('https:\/\/www.fhnw.ch\/plattformen\/zl\/wp-content\/themes\/zl-2k18\/dist\/\/images\/placeholder.jpg?id=74f7d804569c468fc7c9') center no-repeat;\"><img loading=\"lazy\" decoding=\"async\" class=\"js-lazy-img\" src=\"https:\/\/www.fhnw.ch\/plattformen\/zl\/wp-content\/uploads\/2018\/12\/regal_02_hoch-1-501x304.jpg\" alt=\"\" width=\"501\" height=\"304\" \/>\n<noscript><img loading=\"lazy\" decoding=\"async\" width=\"501\" height=\"304\" src=\"https:\/\/www.fhnw.ch\/plattformen\/zl\/wp-content\/uploads\/2018\/12\/regal_02_hoch-1-501x304.jpg\" class=\"js-lazy-img\" alt=\"\" \/><\/noscript><\/div>\n\n\n\n\n<h3>Empfehlungsliste: Dezembergeschichten<\/h3>\n\n\n<a href=\"https:\/\/www.fhnw.ch\/plattformen\/zl\/empfehlungslisten\/\"><span style=\"text-color: white;\">\u2013<\/span><\/a>\n\n<\/article>\n\n\n\n\n\n<article class=\"post\">\n\n\n<div class=\"post--img\" style=\"background: url('https:\/\/www.fhnw.ch\/plattformen\/zl\/wp-content\/themes\/zl-2k18\/dist\/\/images\/placeholder.jpg?id=74f7d804569c468fc7c9') center no-repeat;\"><img loading=\"lazy\" decoding=\"async\" class=\"js-lazy-img\" src=\"https:\/\/www.fhnw.ch\/plattformen\/zl\/wp-content\/uploads\/2018\/10\/zl_home_2018_3-501x304.jpg\" alt=\"\" width=\"501\" height=\"304\" \/>\n<noscript><img loading=\"lazy\" decoding=\"async\" width=\"501\" height=\"304\" src=\"https:\/\/www.fhnw.ch\/plattformen\/zl\/wp-content\/uploads\/2018\/10\/zl_home_2018_3-501x304.jpg\" class=\"js-lazy-img\" alt=\"\" \/><\/noscript><\/div>\n\n\n\n\n<h3>Erz\u00e4hln\u00e4chte<\/h3>\n\n\n<a href=\"https:\/\/www.fhnw.ch\/plattformen\/zl\/erzaehlnacht\/\"><span style=\"text-color: white;\">\u2013<\/span><\/a>\n\n<\/article>\n\n\n\n\n\n<article class=\"post\">\n\n\n<div class=\"post--img\" style=\"background: url('https:\/\/www.fhnw.ch\/plattformen\/zl\/wp-content\/themes\/zl-2k18\/dist\/\/images\/placeholder.jpg?id=74f7d804569c468fc7c9') center no-repeat;\"><img loading=\"lazy\" decoding=\"async\" class=\"js-lazy-img\" src=\"https:\/\/www.fhnw.ch\/plattformen\/zl\/wp-content\/uploads\/2018\/10\/zl_home_2018_4-501x304.jpg\" alt=\"\" width=\"501\" height=\"304\" \/>\n<noscript><img loading=\"lazy\" decoding=\"async\" width=\"501\" height=\"304\" src=\"https:\/\/www.fhnw.ch\/plattformen\/zl\/wp-content\/uploads\/2018\/10\/zl_home_2018_4-501x304.jpg\" class=\"js-lazy-img\" alt=\"\" \/><\/noscript><\/div>\n\n\n\n\n<h3>Neuerscheinungen<\/h3>\n\n\n<a href=\"https:\/\/www.fhnw.ch\/plattformen\/zl\/category\/rezensionen-kinder-und-jugendbucher\/1-neuerscheinungen\/\"><span style=\"text-color: white;\">\u2013<\/span><\/a>\n\n<\/article>\n\n\n\n<\/section>\n\n\n\n--><\/p>\n","protected":false},"excerpt":{"rendered":"<p>Jahr f\u00fcr Jahr erscheinen unz\u00e4hlige neue Kinder- und Jugendb\u00fccher. Unser Blog stellt Ihnen laufend die wichtigsten vor. St\u00f6bern Sie in unserem Archiv nach Kategorien oder nach Schlagw\u00f6rtern.<\/p>\n","protected":false},"author":5,"featured_media":5470,"parent":0,"menu_order":2,"comment_status":"closed","ping_status":"closed","template":"","meta":{"_acf_changed":false,"iawp_total_views":4109,"footnotes":""},"coauthors":[197],"class_list":["post-168","page","type-page","status-publish","has-post-thumbnail","hentry"],"acf":[],"_links":{"self":[{"href":"https:\/\/www.fhnw.ch\/plattformen\/zl\/wp-json\/wp\/v2\/pages\/168","targetHints":{"allow":["GET"]}}],"collection":[{"href":"https:\/\/www.fhnw.ch\/plattformen\/zl\/wp-json\/wp\/v2\/pages"}],"about":[{"href":"https:\/\/www.fhnw.ch\/plattformen\/zl\/wp-json\/wp\/v2\/types\/page"}],"author":[{"embeddable":true,"href":"https:\/\/www.fhnw.ch\/plattformen\/zl\/wp-json\/wp\/v2\/users\/5"}],"replies":[{"embeddable":true,"href":"https:\/\/www.fhnw.ch\/plattformen\/zl\/wp-json\/wp\/v2\/comments?post=168"}],"version-history":[{"count":25,"href":"https:\/\/www.fhnw.ch\/plattformen\/zl\/wp-json\/wp\/v2\/pages\/168\/revisions"}],"predecessor-version":[{"id":13266,"href":"https:\/\/www.fhnw.ch\/plattformen\/zl\/wp-json\/wp\/v2\/pages\/168\/revisions\/13266"}],"wp:featuredmedia":[{"embeddable":true,"href":"https:\/\/www.fhnw.ch\/plattformen\/zl\/wp-json\/wp\/v2\/media\/5470"}],"wp:attachment":[{"href":"https:\/\/www.fhnw.ch\/plattformen\/zl\/wp-json\/wp\/v2\/media?parent=168"}],"wp:term":[{"taxonomy":"author","embeddable":true,"href":"https:\/\/www.fhnw.ch\/plattformen\/zl\/wp-json\/wp\/v2\/coauthors?post=168"}],"curies":[{"name":"wp","href":"https:\/\/api.w.org\/{rel}","templated":true}]}}