{"id":173,"date":"2012-03-28T20:49:02","date_gmt":"2012-03-28T18:49:02","guid":{"rendered":"http:\/\/blogs.fhnw.ch\/zl\/?page_id=154"},"modified":"2019-11-22T16:43:49","modified_gmt":"2019-11-22T15:43:49","slug":"unterrichtsideen","status":"publish","type":"page","link":"https:\/\/www.fhnw.ch\/plattformen\/zl\/unterrichtsideen\/","title":{"rendered":"Unterrichtsideen"},"content":{"rendered":"<p><!--Anregungen und Materialien f\u00fcr den Deutschunterricht aus dem <a title=\"Rundschreiben Zentrum Lesen\" href=\"http:\/\/www.fhnw.ch\/ph\/zl\/publikationen\/rundschreiben-zentrum-lesen\" target=\"_blank\" rel=\"noopener\"><span style=\"display: inline-block; width: 0px; overflow: hidden; line-height: 0;\" data-mce-type=\"bookmark\" class=\"mce_SELRES_start\"><\/span><span style=\"display: inline-block; width: 0px; overflow: hidden; line-height: 0;\" data-mce-type=\"bookmark\" class=\"mce_SELRES_start\"><\/span><span style=\"display: inline-block; width: 0px; overflow: hidden; line-height: 0;\" data-mce-type=\"bookmark\" class=\"mce_SELRES_start\"><\/span>Rundschreiben des Zentrums Lesen<\/a>.\n\n\n<table style=\"width: 100%; border: 0px;\">\n\n\n<tbody>\n\n\n<tr>\n\n\n<td><a href=\"..\/klassenlekture\/\"><img loading=\"lazy\" decoding=\"async\" class=\"alignleft wp-image-5097 size-thumbnail\" src=\"https:\/\/www.fhnw.ch\/plattformen\/zl\/wp-content\/uploads\/2018\/10\/zl_home_2018_3-150x150.jpg\" alt=\"\" width=\"150\" height=\"150\" \/><\/a><a href=\"..\/klassenlekture\/\">Klassenlekt\u00fcre<\/a>\nUnterrichtsmodelle und Aufgaben zu ausgesuchten Kinder- und Jugendb\u00fcchern<\/td>\n\n\n<\/tr>\n\n\n\n\n<tr>\n\n\n<td><a href=\"..\/medienkisten\/\"><img loading=\"lazy\" decoding=\"async\" class=\"wp-image-6116 size-thumbnail alignleft\" src=\"https:\/\/www.fhnw.ch\/plattformen\/zl\/wp-content\/uploads\/2019\/03\/medienkisten-150x150.jpg\" alt=\"\" width=\"150\" height=\"150\" \/><\/a><a href=\"..\/medienkisten\/\">Medienkisten<\/a>\nB\u00fccher, H\u00f6rspiele, Filme und Spiele, dazu didaktische Handreichungen und kopierfertige Aufgaben<\/td>\n\n\n<\/tr>\n\n\n\n\n<tr>\n\n\n<td><img loading=\"lazy\" decoding=\"async\" class=\"wp-image-7868 size-thumbnail alignleft\" src=\"https:\/\/www.fhnw.ch\/plattformen\/zl\/wp-content\/uploads\/2019\/09\/erzaehlnacht2019-150x150.jpg\" alt=\"\" width=\"150\" height=\"150\" srcset=\"https:\/\/www.fhnw.ch\/plattformen\/zl\/wp-content\/uploads\/2019\/09\/erzaehlnacht2019-150x150.jpg 150w, https:\/\/www.fhnw.ch\/plattformen\/zl\/wp-content\/uploads\/2019\/09\/erzaehlnacht2019.jpg 203w\" sizes=\"auto, (max-width: 150px) 100vw, 150px\" \/><a href=\"..\/erzaehlnacht\/\">Erz\u00e4hln\u00e4chte<\/a>\nErz\u00e4hln\u00e4chte k\u00f6nnen das ganze Jahr \u00fcber stattfinden. Vielleicht sind es auch einfach B\u00fccherabende oder kleine Literaturfeste. Was es dabei zu beachten gilt, finden Sie in den Tipps zur Durchf\u00fchrung einer Erz\u00e4hlnacht.<\/td>\n\n\n<\/tr>\n\n\n<\/tbody>\n\n\n<\/table>\n\n--><\/p>\n","protected":false},"excerpt":{"rendered":"","protected":false},"author":5,"featured_media":5471,"parent":0,"menu_order":1,"comment_status":"closed","ping_status":"closed","template":"","meta":{"_acf_changed":false,"iawp_total_views":6524,"footnotes":""},"coauthors":[197],"class_list":["post-173","page","type-page","status-publish","has-post-thumbnail","hentry"],"acf":[],"_links":{"self":[{"href":"https:\/\/www.fhnw.ch\/plattformen\/zl\/wp-json\/wp\/v2\/pages\/173","targetHints":{"allow":["GET"]}}],"collection":[{"href":"https:\/\/www.fhnw.ch\/plattformen\/zl\/wp-json\/wp\/v2\/pages"}],"about":[{"href":"https:\/\/www.fhnw.ch\/plattformen\/zl\/wp-json\/wp\/v2\/types\/page"}],"author":[{"embeddable":true,"href":"https:\/\/www.fhnw.ch\/plattformen\/zl\/wp-json\/wp\/v2\/users\/5"}],"replies":[{"embeddable":true,"href":"https:\/\/www.fhnw.ch\/plattformen\/zl\/wp-json\/wp\/v2\/comments?post=173"}],"version-history":[{"count":23,"href":"https:\/\/www.fhnw.ch\/plattformen\/zl\/wp-json\/wp\/v2\/pages\/173\/revisions"}],"predecessor-version":[{"id":5302,"href":"https:\/\/www.fhnw.ch\/plattformen\/zl\/wp-json\/wp\/v2\/pages\/173\/revisions\/5302"}],"wp:featuredmedia":[{"embeddable":true,"href":"https:\/\/www.fhnw.ch\/plattformen\/zl\/wp-json\/wp\/v2\/media\/5471"}],"wp:attachment":[{"href":"https:\/\/www.fhnw.ch\/plattformen\/zl\/wp-json\/wp\/v2\/media?parent=173"}],"wp:term":[{"taxonomy":"author","embeddable":true,"href":"https:\/\/www.fhnw.ch\/plattformen\/zl\/wp-json\/wp\/v2\/coauthors?post=173"}],"curies":[{"name":"wp","href":"https:\/\/api.w.org\/{rel}","templated":true}]}}