{"id":2086,"date":"2014-06-05T14:23:44","date_gmt":"2014-06-05T12:23:44","guid":{"rendered":"http:\/\/blogs.fhnw.ch\/zl\/?page_id=2086"},"modified":"2023-11-01T16:29:20","modified_gmt":"2023-11-01T15:29:20","slug":"klassenlekture","status":"publish","type":"page","link":"https:\/\/www.fhnw.ch\/plattformen\/zl\/unterrichtsideen\/klassenlekture\/","title":{"rendered":"Klassenlekt\u00fcre"},"content":{"rendered":"<p><strong>Unterrichtsmodelle und Aufgabensets zu ausgesuchten Kinder- und Jugendb\u00fcchern<\/strong><\/p>\n<p>Damit alle Sch\u00fclerinnen und Sch\u00fcler von der gemeinsamen Lekt\u00fcre profitieren k\u00f6nnen, braucht es neue Formen, welche das unterschiedliche K\u00f6nnen der Lesenden ber\u00fccksichtigen.\u00a0Im Auftrag von\u00a0Bibliomedia\u00a0erarbeitet und entwickelt\u00a0das Zentrum Lesen laufend neue Modelle und Aufgaben f\u00fcr einzelne Titel. Die B\u00fccher sind bei bibliomedia, der Zentralstelle f\u00fcr Klassenlekt\u00fcre in Solothurn ausleihbar:\u00a0<a href=\"https:\/\/www.bibliomedia.biz\/katalog\/zkl\">www.bibliomedia.biz\/katalog\/zkl <\/a><\/p>\n<p>Im Artikel zum lesef\u00f6rdernden Einsatz von Klassenlekt\u00fcren im Unterricht erfahren Sie die <a href=\"https:\/\/www.fhnw.ch\/plattformen\/zl\/wp-content\/uploads\/2020\/03\/grundlagen_klassenlekt\u00fcre.pdf\">Grundlagen<\/a>.<\/p>\n<p>Es wird unterschieden zwischen <strong>Unterrichtsmodellen<\/strong> und<strong> Aufgabensets<\/strong>. Beide Formen sind identisch aufgebaut, sie unterscheiden sich lediglich in der Anzahl der begleitenden Aufgaben. <strong>Unterrichtsmodelle<\/strong> sind reichhaltiger, beinhalten mehr Aufgaben und erm\u00f6glichen einen sehr vertieften Einblick in die Lekt\u00fcre und ins Thema. <strong>Aufgabensets<\/strong> sind nicht so umfassend und fokussieren das Wichtigste des Inhalts. Beide Angebote beinhalten M\u00f6glichkeiten zur inneren Differenzierung des Unterrichts.<\/p>\n<p>Die exemplarisch ausgearbeiteten Aufgaben und Modelle zu einzelnen B\u00fcchern finden Sie nachfolgend.<\/p>\n","protected":false},"excerpt":{"rendered":"<p>Unterrichtsmodelle und Aufgabensets zu ausgesuchten Kinder- und Jugendb\u00fcchern Damit alle Sch\u00fclerinnen und Sch\u00fcler von der gemeinsamen Lekt\u00fcre profitieren k\u00f6nnen, braucht es neue Formen, welche das unterschiedliche K\u00f6nnen der Lesenden ber\u00fccksichtigen.\u00a0Im Auftrag von\u00a0Bibliomedia\u00a0erarbeitet und entwickelt\u00a0das Zentrum Lesen laufend neue Modelle und Aufgaben f\u00fcr einzelne Titel. Die B\u00fccher sind bei bibliomedia, der Zentralstelle f\u00fcr Klassenlekt\u00fcre in Solothurn [&hellip;]<\/p>\n","protected":false},"author":8,"featured_media":5097,"parent":173,"menu_order":6,"comment_status":"closed","ping_status":"closed","template":"","meta":{"_acf_changed":false,"iawp_total_views":8039,"footnotes":""},"coauthors":[200],"class_list":["post-2086","page","type-page","status-publish","has-post-thumbnail","hentry"],"acf":[],"_links":{"self":[{"href":"https:\/\/www.fhnw.ch\/plattformen\/zl\/wp-json\/wp\/v2\/pages\/2086","targetHints":{"allow":["GET"]}}],"collection":[{"href":"https:\/\/www.fhnw.ch\/plattformen\/zl\/wp-json\/wp\/v2\/pages"}],"about":[{"href":"https:\/\/www.fhnw.ch\/plattformen\/zl\/wp-json\/wp\/v2\/types\/page"}],"author":[{"embeddable":true,"href":"https:\/\/www.fhnw.ch\/plattformen\/zl\/wp-json\/wp\/v2\/users\/8"}],"replies":[{"embeddable":true,"href":"https:\/\/www.fhnw.ch\/plattformen\/zl\/wp-json\/wp\/v2\/comments?post=2086"}],"version-history":[{"count":17,"href":"https:\/\/www.fhnw.ch\/plattformen\/zl\/wp-json\/wp\/v2\/pages\/2086\/revisions"}],"predecessor-version":[{"id":13195,"href":"https:\/\/www.fhnw.ch\/plattformen\/zl\/wp-json\/wp\/v2\/pages\/2086\/revisions\/13195"}],"up":[{"embeddable":true,"href":"https:\/\/www.fhnw.ch\/plattformen\/zl\/wp-json\/wp\/v2\/pages\/173"}],"wp:featuredmedia":[{"embeddable":true,"href":"https:\/\/www.fhnw.ch\/plattformen\/zl\/wp-json\/wp\/v2\/media\/5097"}],"wp:attachment":[{"href":"https:\/\/www.fhnw.ch\/plattformen\/zl\/wp-json\/wp\/v2\/media?parent=2086"}],"wp:term":[{"taxonomy":"author","embeddable":true,"href":"https:\/\/www.fhnw.ch\/plattformen\/zl\/wp-json\/wp\/v2\/coauthors?post=2086"}],"curies":[{"name":"wp","href":"https:\/\/api.w.org\/{rel}","templated":true}]}}