{"id":2362,"date":"2014-11-25T11:02:45","date_gmt":"2014-11-25T10:02:45","guid":{"rendered":"http:\/\/blogs.fhnw.ch\/zl\/?page_id=2362"},"modified":"2025-11-14T16:34:14","modified_gmt":"2025-11-14T15:34:14","slug":"empfehlungslisten","status":"publish","type":"page","link":"https:\/\/www.fhnw.ch\/plattformen\/zl\/empfehlungslisten\/","title":{"rendered":"Dezembergeschichten und Auswahl bester B\u00fccher 2025"},"content":{"rendered":"<p><strong>Dezembergeschichten\u00a0<\/strong><\/p>\n<p>Das Zentrum Lesen pr\u00e4sentiert jeweils im Dezember eine Empfehlungsliste mit speziell lesenswerten B\u00fcchern aus dem vergangenen Jahr. Sei es f\u00fcr Vorlesestunden daheim, in der Schule, f\u00fcr die Klassenbibliothek oder ganz einfach zum Verschenken. Erg\u00e4nzt wird die Liste mit besonders lohnenswerten Lekt\u00fcren zum Thema \u00abWinter und Weihnachten\u00bb.<\/p>\n<p>Auswahl beste B\u00fccher 2025: <a href=\"https:\/\/www.fhnw.ch\/plattformen\/zl\/wp-content\/uploads\/2025\/11\/Dezembergeschichten-2025_texte.pdf\">Dezembergeschichten 2025\u00a0<\/a><\/p>\n<p>Die Empfehlungslisten der letzten Jahre:<\/p>\n<p>Auswahl beste B\u00fccher 2024:\u00a0 <a href=\"https:\/\/www.fhnw.ch\/plattformen\/zl\/wp-content\/uploads\/2024\/11\/Dezembergeschichten-24.pdf\">Dezembergeschichten 2024<\/a><\/p>\n<p>Auswahl beste B\u00fccher 2023: <a href=\"https:\/\/www.fhnw.ch\/plattformen\/zl\/wp-content\/uploads\/2023\/11\/Auswahl-bester-Buecher-und-Dezembergeschichten-2023-002.pdf\">Dezembergeschichten 2023<\/a><\/p>\n<p>Auswahl beste B\u00fccher 2022: <a href=\"https:\/\/www.fhnw.ch\/plattformen\/zl\/wp-content\/uploads\/2022\/11\/dezembergeschichten_text.pdf\">Dezembergeschichten 2022<\/a><\/p>\n<p>Auswahl beste B\u00fccher 2021: <a href=\"https:\/\/www.fhnw.ch\/plattformen\/zl\/wp-content\/uploads\/2021\/11\/Dezembergeschichten-2021.pdf\">Dezembergeschichten 2021<\/a><\/p>\n<p>Auswahl beste B\u00fccher 2020 <a href=\"https:\/\/www.fhnw.ch\/plattformen\/zl\/wp-content\/uploads\/2020\/11\/Dezembergeschichten-def-2020.pdf\">Dezembergeschichten 2020<\/a><\/p>\n<p>Auswahl beste B\u00fccher 2019:\u00a0<a href=\"https:\/\/www.fhnw.ch\/plattformen\/zl\/wp-content\/uploads\/2019\/11\/Dezembergeschichten-2019-1.pdf\">Dezembergeschichten 2019<\/a><\/p>\n<p>Auswahl beste B\u00fccher 2018: <a href=\"..\/wp-content\/uploads\/2018\/12\/dezembergeschichten_2018.pdf\">Dezembergeschichten 2018<\/a><\/p>\n<p>Auswahl beste B\u00fccher 2017: <a href=\"..\/wp-content\/uploads\/2015\/07\/dezembergeschichten-2017.pdf\">Dezembergeschichten 2017<\/a><\/p>\n<p>Auswahl beste B\u00fccher 2016: <a href=\"..\/wp-content\/uploads\/2016\/01\/Dezembergeschichten-2016.pdf\">Dezembergeschichten 2016<\/a><\/p>\n<p>Auswahl beste B\u00fccher 2015: <a href=\"..\/wp-content\/uploads\/2014\/11\/Dezembergeschichten-2015.pdf\" target=\"_blank\" rel=\"noopener noreferrer\">Dezembergeschichten 2015\u00a0<\/a><\/p>\n<p>Auswahl beste B\u00fccher 2014: <a href=\"..\/wp-content\/uploads\/2014\/11\/Dezembergeschichten-2014.pdf\" target=\"_blank\" rel=\"noopener noreferrer\">Dezembergeschichten 2014\u00a0<\/a><\/p>\n<p>Auswahl beste B\u00fccher 2013: <a href=\"..\/wp-content\/uploads\/2014\/11\/Dezembergeschichten-2013.pdf\" target=\"_blank\" rel=\"noopener noreferrer\">Dezembergeschichten 2013<\/a><\/p>\n\n\n<p><\/p>\n","protected":false},"excerpt":{"rendered":"<p>Dezembergeschichten\u00a0 Das Zentrum Lesen pr\u00e4sentiert jeweils im Dezember eine Empfehlungsliste mit speziell lesenswerten B\u00fcchern aus dem vergangenen Jahr. Sei es f\u00fcr Vorlesestunden daheim, in der Schule, f\u00fcr die Klassenbibliothek oder ganz einfach zum Verschenken. Erg\u00e4nzt wird die Liste mit besonders lohnenswerten Lekt\u00fcren zum Thema \u00abWinter und Weihnachten\u00bb. Auswahl beste B\u00fccher 2025: Dezembergeschichten 2025\u00a0 Die Empfehlungslisten [&hellip;]<\/p>\n","protected":false},"author":8,"featured_media":11911,"parent":0,"menu_order":5,"comment_status":"closed","ping_status":"open","template":"","meta":{"_acf_changed":false,"iawp_total_views":441,"footnotes":""},"coauthors":[200],"class_list":["post-2362","page","type-page","status-publish","has-post-thumbnail","hentry"],"acf":[],"_links":{"self":[{"href":"https:\/\/www.fhnw.ch\/plattformen\/zl\/wp-json\/wp\/v2\/pages\/2362","targetHints":{"allow":["GET"]}}],"collection":[{"href":"https:\/\/www.fhnw.ch\/plattformen\/zl\/wp-json\/wp\/v2\/pages"}],"about":[{"href":"https:\/\/www.fhnw.ch\/plattformen\/zl\/wp-json\/wp\/v2\/types\/page"}],"author":[{"embeddable":true,"href":"https:\/\/www.fhnw.ch\/plattformen\/zl\/wp-json\/wp\/v2\/users\/8"}],"replies":[{"embeddable":true,"href":"https:\/\/www.fhnw.ch\/plattformen\/zl\/wp-json\/wp\/v2\/comments?post=2362"}],"version-history":[{"count":38,"href":"https:\/\/www.fhnw.ch\/plattformen\/zl\/wp-json\/wp\/v2\/pages\/2362\/revisions"}],"predecessor-version":[{"id":14702,"href":"https:\/\/www.fhnw.ch\/plattformen\/zl\/wp-json\/wp\/v2\/pages\/2362\/revisions\/14702"}],"wp:featuredmedia":[{"embeddable":true,"href":"https:\/\/www.fhnw.ch\/plattformen\/zl\/wp-json\/wp\/v2\/media\/11911"}],"wp:attachment":[{"href":"https:\/\/www.fhnw.ch\/plattformen\/zl\/wp-json\/wp\/v2\/media?parent=2362"}],"wp:term":[{"taxonomy":"author","embeddable":true,"href":"https:\/\/www.fhnw.ch\/plattformen\/zl\/wp-json\/wp\/v2\/coauthors?post=2362"}],"curies":[{"name":"wp","href":"https:\/\/api.w.org\/{rel}","templated":true}]}}