{"id":24,"date":"2018-10-02T16:56:36","date_gmt":"2018-10-02T14:56:36","guid":{"rendered":"https:\/\/www.fhnw.ch\/plattformen\/zl\/?page_id=24"},"modified":"2026-03-31T15:00:23","modified_gmt":"2026-03-31T13:00:23","slug":"home","status":"publish","type":"page","link":"https:\/\/www.fhnw.ch\/plattformen\/zl\/","title":{"rendered":"Zentrum Lesen &#8211; Lesen, Medien, Schrift"},"content":{"rendered":"<p>Das Zentrum Lesen der P\u00e4dagogischen Hochschule FHNW forscht und entwickelt im Bereich der Literalit\u00e4t mit dem Ziel, Kinder, Jugendliche und Erwachsene in ihren sprachlichen Kompetenzen zu f\u00f6rdern. Dabei werden auch Lehrpersonen in ihrem Unterricht unterst\u00fctzt.<\/p>\n","protected":false},"excerpt":{"rendered":"<p>Das Zentrum Lesen der P\u00e4dagogischen Hochschule FHNW forscht und entwickelt im Bereich der Literalit\u00e4t mit dem Ziel, Kinder, Jugendliche und Erwachsene in ihren sprachlichen Kompetenzen zu f\u00f6rdern. Dabei werden auch Lehrpersonen in ihrem Unterricht unterst\u00fctzt.<\/p>\n","protected":false},"author":1,"featured_media":5291,"parent":0,"menu_order":0,"comment_status":"closed","ping_status":"closed","template":"","meta":{"_acf_changed":false,"iawp_total_views":6462,"footnotes":""},"coauthors":[6],"class_list":["post-24","page","type-page","status-publish","has-post-thumbnail","hentry"],"acf":[],"_links":{"self":[{"href":"https:\/\/www.fhnw.ch\/plattformen\/zl\/wp-json\/wp\/v2\/pages\/24","targetHints":{"allow":["GET"]}}],"collection":[{"href":"https:\/\/www.fhnw.ch\/plattformen\/zl\/wp-json\/wp\/v2\/pages"}],"about":[{"href":"https:\/\/www.fhnw.ch\/plattformen\/zl\/wp-json\/wp\/v2\/types\/page"}],"author":[{"embeddable":true,"href":"https:\/\/www.fhnw.ch\/plattformen\/zl\/wp-json\/wp\/v2\/users\/1"}],"replies":[{"embeddable":true,"href":"https:\/\/www.fhnw.ch\/plattformen\/zl\/wp-json\/wp\/v2\/comments?post=24"}],"version-history":[{"count":238,"href":"https:\/\/www.fhnw.ch\/plattformen\/zl\/wp-json\/wp\/v2\/pages\/24\/revisions"}],"predecessor-version":[{"id":14935,"href":"https:\/\/www.fhnw.ch\/plattformen\/zl\/wp-json\/wp\/v2\/pages\/24\/revisions\/14935"}],"wp:featuredmedia":[{"embeddable":true,"href":"https:\/\/www.fhnw.ch\/plattformen\/zl\/wp-json\/wp\/v2\/media\/5291"}],"wp:attachment":[{"href":"https:\/\/www.fhnw.ch\/plattformen\/zl\/wp-json\/wp\/v2\/media?parent=24"}],"wp:term":[{"taxonomy":"author","embeddable":true,"href":"https:\/\/www.fhnw.ch\/plattformen\/zl\/wp-json\/wp\/v2\/coauthors?post=24"}],"curies":[{"name":"wp","href":"https:\/\/api.w.org\/{rel}","templated":true}]}}