{"id":2956,"date":"2015-10-14T16:13:09","date_gmt":"2015-10-14T14:13:09","guid":{"rendered":"http:\/\/blogs.fhnw.ch\/zl\/?page_id=2956"},"modified":"2025-06-19T15:09:10","modified_gmt":"2025-06-19T13:09:10","slug":"medienkisten","status":"publish","type":"page","link":"https:\/\/www.fhnw.ch\/plattformen\/zl\/unterrichtsideen\/medienkisten\/","title":{"rendered":"Medienkisten"},"content":{"rendered":"<h3>Medienkisten: B\u00fccher, H\u00f6rspiele, Filme und Spiele, dazu didaktische Handreichungen und kopierfertige Aufgaben<\/h3>\n<p>Die Medienkisten erm\u00f6glichen einen attraktiven Lese- und Sprachunterricht auch in heterogenen Klassen oder Lerngruppen. Die thematisch unterschiedlichen Kisten enthalten B\u00fccher, H\u00f6rspiele, Filme und Spiele, dazu eine didaktische Handreichung und kopierfertige Aufgaben, die direkt in den Schulklassen verwendet werden k\u00f6nnen. Sch\u00fclerinnen und Sch\u00fcler werden hier zum Lesen, auch zum Bilderlesen, zum spielerischen Verarbeiten, zum Weitererfinden der Geschichten, zum Gestalten und Austauschen miteinander angeregt.<\/p>\n<h3><strong>Wie k\u00f6nnen Medienkisten ausgeliehen werden?<\/strong><\/h3>\n<p>Alle Kisten k\u00f6nnen in der FHNW Campusbibliothek Brugg-Windisch ausgeliehen werden. Bitte benutzen Sie das <a href=\"https:\/\/www.fhnw.ch\/de\/die-fhnw\/bibliotheken\/bibliothek-brugg-windisch\/themenkisten\/\" target=\"_blank\" rel=\"noopener\">Reservationstool<\/a>\u00a0zur Reservation der Medienkisten.<\/p>\n<h3><strong>Hinweise zur Ausleihe<\/strong><\/h3>\n<p>Die Leihfrist betr\u00e4gt max. 8 Wochen. Die Abholung vor Ort ist kostenlos.<br \/>\nWeitere Informationen finden Sie auf der Seite der <a href=\"https:\/\/www.fhnw.ch\/de\/die-fhnw\/bibliothek-fhnw\/standorte\/bibliothek-brugg-windisch\/medienangebot\" target=\"_blank\" rel=\"noopener\">Campusbibliothek<\/a>.<\/p>\n","protected":false},"excerpt":{"rendered":"<p>Medienkisten: B\u00fccher, H\u00f6rspiele, Filme und Spiele, dazu didaktische Handreichungen und kopierfertige Aufgaben Die Medienkisten erm\u00f6glichen einen attraktiven Lese- und Sprachunterricht auch in heterogenen Klassen oder Lerngruppen. Die thematisch unterschiedlichen Kisten enthalten B\u00fccher, H\u00f6rspiele, Filme und Spiele, dazu eine didaktische Handreichung und kopierfertige Aufgaben, die direkt in den Schulklassen verwendet werden k\u00f6nnen. Sch\u00fclerinnen und Sch\u00fcler werden [&hellip;]<\/p>\n","protected":false},"author":5,"featured_media":6116,"parent":173,"menu_order":6,"comment_status":"closed","ping_status":"closed","template":"","meta":{"_acf_changed":false,"iawp_total_views":1465,"footnotes":""},"coauthors":[197],"class_list":["post-2956","page","type-page","status-publish","has-post-thumbnail","hentry"],"acf":[],"_links":{"self":[{"href":"https:\/\/www.fhnw.ch\/plattformen\/zl\/wp-json\/wp\/v2\/pages\/2956","targetHints":{"allow":["GET"]}}],"collection":[{"href":"https:\/\/www.fhnw.ch\/plattformen\/zl\/wp-json\/wp\/v2\/pages"}],"about":[{"href":"https:\/\/www.fhnw.ch\/plattformen\/zl\/wp-json\/wp\/v2\/types\/page"}],"author":[{"embeddable":true,"href":"https:\/\/www.fhnw.ch\/plattformen\/zl\/wp-json\/wp\/v2\/users\/5"}],"replies":[{"embeddable":true,"href":"https:\/\/www.fhnw.ch\/plattformen\/zl\/wp-json\/wp\/v2\/comments?post=2956"}],"version-history":[{"count":19,"href":"https:\/\/www.fhnw.ch\/plattformen\/zl\/wp-json\/wp\/v2\/pages\/2956\/revisions"}],"predecessor-version":[{"id":14377,"href":"https:\/\/www.fhnw.ch\/plattformen\/zl\/wp-json\/wp\/v2\/pages\/2956\/revisions\/14377"}],"up":[{"embeddable":true,"href":"https:\/\/www.fhnw.ch\/plattformen\/zl\/wp-json\/wp\/v2\/pages\/173"}],"wp:featuredmedia":[{"embeddable":true,"href":"https:\/\/www.fhnw.ch\/plattformen\/zl\/wp-json\/wp\/v2\/media\/6116"}],"wp:attachment":[{"href":"https:\/\/www.fhnw.ch\/plattformen\/zl\/wp-json\/wp\/v2\/media?parent=2956"}],"wp:term":[{"taxonomy":"author","embeddable":true,"href":"https:\/\/www.fhnw.ch\/plattformen\/zl\/wp-json\/wp\/v2\/coauthors?post=2956"}],"curies":[{"name":"wp","href":"https:\/\/api.w.org\/{rel}","templated":true}]}}