{"id":3019,"date":"2021-10-19T15:21:00","date_gmt":"2021-10-19T13:21:00","guid":{"rendered":"http:\/\/blogs.fhnw.ch\/zl\/?page_id=3019"},"modified":"2025-09-11T11:01:58","modified_gmt":"2025-09-11T09:01:58","slug":"erzaehlnacht","status":"publish","type":"page","link":"https:\/\/www.fhnw.ch\/plattformen\/zl\/erzaehlnacht\/","title":{"rendered":"Erz\u00e4hln\u00e4chte"},"content":{"rendered":"\n<p><strong>Erz\u00e4hlnacht 2025 vom 14. November zum Thema &#8222;Zeitreise&#8220;<\/strong><\/p>\n\n\n\n<figure class=\"wp-block-image size-large is-resized\"><img loading=\"lazy\" decoding=\"async\" width=\"1024\" height=\"576\" src=\"https:\/\/www.fhnw.ch\/plattformen\/zl\/wp-content\/uploads\/2025\/08\/erzaehlnacht-1024x576.jpg\" alt=\"\" class=\"wp-image-14542\" style=\"width:592px;height:auto\" srcset=\"https:\/\/www.fhnw.ch\/plattformen\/zl\/wp-content\/uploads\/2025\/08\/erzaehlnacht-1024x576.jpg 1024w, https:\/\/www.fhnw.ch\/plattformen\/zl\/wp-content\/uploads\/2025\/08\/erzaehlnacht-300x169.jpg 300w, https:\/\/www.fhnw.ch\/plattformen\/zl\/wp-content\/uploads\/2025\/08\/erzaehlnacht-768x432.jpg 768w, https:\/\/www.fhnw.ch\/plattformen\/zl\/wp-content\/uploads\/2025\/08\/erzaehlnacht.jpg 1336w\" sizes=\"auto, (max-width: 1024px) 100vw, 1024px\" \/><\/figure>\n\n\n\n<p>Zum Themenbereich \u00abZeitreise\u00bb gibt es viele verschiedenartige B\u00fccher wie Fantasyromane, Geschichten, die den Alltag in fr\u00fcheren Zeiten fokussieren, Sachb\u00fccher, die zum Staunen, Nachdenken oder Philosophieren anregen. Wichtig f\u00fcr unsere Auslese war, wie gut und spannend die verschiedenen Geschichten geschrieben sind und wie verst\u00e4ndlich und vor allem altersangepasst die Texte in den Sachb\u00fcchern verfasst wurden.<br>Alle vorgestellten B\u00fccher liegen ab Mitte Oktober in der FHNW Campusbibliothek Brugg-Windisch und Muttenz zur Ansicht und Ausleihe bereit.<\/p>\n\n\n\n<p><strong>Erz\u00e4hlnacht 2025, Zeitreisen<\/strong>:  <a href=\"https:\/\/www.fhnw.ch\/plattformen\/zl\/wp-content\/uploads\/2025\/09\/texte_zeitreise.pdf\">Buchvorschl\u00e4ge <\/a><\/p>\n\n\n\n<p>Weitere Informationen,&nbsp;Medienempfehlungen und Ideen zur Umsetzung der&nbsp;diesj\u00e4hrigen Erz\u00e4hlnacht finden Interessierte auf der&nbsp;<a href=\"https:\/\/eur03.safelinks.protection.outlook.com\/?url=https%3A%2F%2Fsikjm.ch%2Flesen-foerdern%2Fprojekte%2Ferzahlnacht%2F&amp;data=05%7C02%7Csara.grunauermeier%40fhnw.ch%7Cf4087c2744e64580986908dcd88fb61a%7C9d1a5fc8321e4101ae63530730711ac2%7C0%7C0%7C638623358962871865%7CUnknown%7CTWFpbGZsb3d8eyJWIjoiMC4wLjAwMDAiLCJQIjoiV2luMzIiLCJBTiI6Ik1haWwiLCJXVCI6Mn0%3D%7C0%7C%7C%7C&amp;sdata=Vzar%2FaISR%2BehpEgQdcBxPOEWWBKZ5DVrpLaaYYQN4mY%3D&amp;reserved=0\"><strong>Webseite des SIKJM<\/strong><\/a>.<\/p>\n\n\n\n<p>Erz\u00e4hln\u00e4chte k\u00f6nnen das ganze Jahr \u00fcber stattfinden. Vielleicht sind es auch einfach B\u00fccherabende oder kleine Literaturfeste. Was es dabei zu beachten gilt, finden Sie in den&nbsp;<a href=\"https:\/\/www.fhnw.ch\/plattformen\/zl\/wp-content\/uploads\/2020\/08\/Lesen\u00e4chte_tipps.pdf\">Tipps zur Durchf\u00fchrung einer Erz\u00e4hlnacht<\/a><\/p>\n\n\n\n<p><\/p>\n\n\n\n<p>Erz\u00e4hlnacht 2024 Traumwelten<a href=\"https:\/\/www.fhnw.ch\/plattformen\/zl\/wp-content\/uploads\/2024\/09\/Erzaehlnacht_Texte-24.pdf\"> Buchvorschl\u00e4ge 2024<\/a><\/p>\n\n\n\n<p>Erz\u00e4hlnacht 2023 \u00abViva la Musica\u00bb <a href=\"https:\/\/www.fhnw.ch\/plattformen\/zl\/wp-content\/uploads\/2023\/09\/alle-texte-musik2.pdf\">Buchvorschl\u00e4ge 2023<\/a><\/p>\n\n\n\n<p><\/p>\n\n\n\n<p>Erz\u00e4hlnacht 2021 <strong>\u00abUnser Planet &#8211; unser Zuhause\u00bb<\/strong><strong> 2021\u00bb<a href=\"https:\/\/www.fhnw.ch\/plattformen\/zl\/wp-content\/uploads\/2021\/08\/alle-texte2.pdf\">Buchvorschl\u00e4ge 2021<\/a> <\/strong><\/p>\n\n\n\n<p><\/p>\n\n\n\n<p>Erz\u00e4hlnacht 2020 <strong>\u00abSo ein Gl\u00fcck!\u00bb<\/strong> <a href=\"https:\/\/www.fhnw.ch\/plattformen\/zl\/wp-content\/uploads\/2020\/09\/erzaehlnacht_2020_alle-texte.pdf\">Buchvorschl\u00e4ge 2020<\/a><\/p>\n\n\n\n<p>Erz\u00e4hlnacht 2019 zum Thema&nbsp;\u00ab<strong>Wir haben auch Rechte!<\/strong> \u00bb <a href=\"https:\/\/www.fhnw.ch\/plattformen\/zl\/wp-content\/uploads\/2019\/09\/Wir-haben-auch-Rechte.pdf\">Buchvorschl\u00e4ge 2019<\/a><\/p>\n\n\n\n<p>Erz\u00e4hlnacht 2018 zum Thema \u00ab<strong>In allen Farben<\/strong>\u00bb <a href=\"..\/wp-content\/uploads\/2018\/09\/Erzaehlnacht_Final.pdf\">Buchvorschl\u00e4ge 2018<\/a><\/p>\n\n\n\n<p>Erz\u00e4hlnacht 2017 zum Thema \u00ab<strong>Mutig, mutig<\/strong>\u00bb&nbsp;<a href=\"..\/wp-content\/uploads\/2017\/08\/Buchvorschlaege-2017.pdf\">Buchvorschl\u00e4ge 2017<\/a><\/p>\n\n\n\n<p>Erz\u00e4hlnacht 2016 zum Thema <strong>\u00abStreng geheim\u00bb <\/strong><a href=\"..\/wp-content\/uploads\/2015\/11\/Erzaehlnacht-2016-alle-Texte.pdf\">Buchvorschl\u00e4ge 2016<\/a><\/p>\n\n\n\n<p>Erz\u00e4hlnacht 2015 zum Thema <strong>\u00abHexereien und schwarze Katzen\u00bb<\/strong>&nbsp;<a href=\"..\/wp-content\/uploads\/2015\/09\/alle_texte_sbd.pdf\" target=\"_blank\" rel=\"noopener noreferrer\">Buchvorschl\u00e4ge 2015<\/a><\/p>\n\n\n\n<p>Erz\u00e4hlnacht 2014 zum Thema <strong>\u00abIch spiele, du spielst &#8211; spiel mit!\u00bb<\/strong>&nbsp;<a href=\"..\/wp-content\/uploads\/2015\/07\/Erzaehlnacht-2014_alle-texte_CH.pdf\" target=\"_blank\" rel=\"noopener noreferrer\">Buchvorschl\u00e4ge 2014<\/a><\/p>\n\n\n\n<p>Erz\u00e4hlnacht 2013 zum Thema <strong>\u00abGeschichten zum Schmunzeln\u00bb<\/strong>&nbsp; <a href=\"..\/wp-content\/uploads\/2014\/11\/alle_texte_geschichten-zum-schmunzeln.pdf\" target=\"_blank\" rel=\"noopener noreferrer\">Buchvorschl\u00e4ge 2013<\/a><\/p>\n\n\n\n<p>Erz\u00e4hln\u00e4chte k\u00f6nnen das ganze Jahr \u00fcber stattfinden. Vielleicht sind es auch einfach B\u00fccherabende oder kleine Literaturfeste. Was es dabei zu beachten gilt, finden Sie in den&nbsp;<a href=\"https:\/\/www.fhnw.ch\/plattformen\/zl\/wp-content\/uploads\/2020\/08\/Lesen\u00e4chte_tipps.pdf\">Tipps zur Durchf\u00fchrung einer Erz\u00e4hlnacht<\/a><\/p>\n","protected":false},"excerpt":{"rendered":"<p>Erz\u00e4hlnacht 2025 vom 14. November zum Thema &#8222;Zeitreise&#8220; Zum Themenbereich \u00abZeitreise\u00bb gibt es viele verschiedenartige B\u00fccher wie Fantasyromane, Geschichten, die den Alltag in fr\u00fcheren Zeiten fokussieren, Sachb\u00fccher, die zum Staunen, Nachdenken oder Philosophieren anregen. Wichtig f\u00fcr unsere Auslese war, wie gut und spannend die verschiedenen Geschichten geschrieben sind und wie verst\u00e4ndlich und vor allem altersangepasst [&hellip;]<\/p>\n","protected":false},"author":4,"featured_media":9597,"parent":0,"menu_order":1,"comment_status":"closed","ping_status":"closed","template":"","meta":{"_acf_changed":false,"iawp_total_views":3419,"footnotes":""},"coauthors":[198],"class_list":["post-3019","page","type-page","status-publish","has-post-thumbnail","hentry"],"acf":[],"_links":{"self":[{"href":"https:\/\/www.fhnw.ch\/plattformen\/zl\/wp-json\/wp\/v2\/pages\/3019","targetHints":{"allow":["GET"]}}],"collection":[{"href":"https:\/\/www.fhnw.ch\/plattformen\/zl\/wp-json\/wp\/v2\/pages"}],"about":[{"href":"https:\/\/www.fhnw.ch\/plattformen\/zl\/wp-json\/wp\/v2\/types\/page"}],"author":[{"embeddable":true,"href":"https:\/\/www.fhnw.ch\/plattformen\/zl\/wp-json\/wp\/v2\/users\/4"}],"replies":[{"embeddable":true,"href":"https:\/\/www.fhnw.ch\/plattformen\/zl\/wp-json\/wp\/v2\/comments?post=3019"}],"version-history":[{"count":75,"href":"https:\/\/www.fhnw.ch\/plattformen\/zl\/wp-json\/wp\/v2\/pages\/3019\/revisions"}],"predecessor-version":[{"id":14565,"href":"https:\/\/www.fhnw.ch\/plattformen\/zl\/wp-json\/wp\/v2\/pages\/3019\/revisions\/14565"}],"wp:featuredmedia":[{"embeddable":true,"href":"https:\/\/www.fhnw.ch\/plattformen\/zl\/wp-json\/wp\/v2\/media\/9597"}],"wp:attachment":[{"href":"https:\/\/www.fhnw.ch\/plattformen\/zl\/wp-json\/wp\/v2\/media?parent=3019"}],"wp:term":[{"taxonomy":"author","embeddable":true,"href":"https:\/\/www.fhnw.ch\/plattformen\/zl\/wp-json\/wp\/v2\/coauthors?post=3019"}],"curies":[{"name":"wp","href":"https:\/\/api.w.org\/{rel}","templated":true}]}}