{"id":8042,"date":"2019-09-10T15:34:48","date_gmt":"2019-09-10T13:34:48","guid":{"rendered":"https:\/\/www.fhnw.ch\/plattformen\/zl\/?page_id=8042"},"modified":"2025-10-30T20:54:00","modified_gmt":"2025-10-30T19:54:00","slug":"projekte","status":"publish","type":"page","link":"https:\/\/www.fhnw.ch\/plattformen\/zl\/projekte\/","title":{"rendered":"Projekte"},"content":{"rendered":"<p>Das Zentrum Lesen bearbeitet verschiedene Forschungs- und Entwicklungsprojekte im Bereich der Literalit\u00e4t mit dem Ziel, Kinder, Jugendliche und Erwachsene in ihren sprachlichen Kompetenzen zu f\u00f6rdern und Lehrpersonen im Sprachunterricht zu unterst\u00fctzen.<\/p>\n\n\n<p><\/p>\n","protected":false},"excerpt":{"rendered":"<p>Das Zentrum Lesen bearbeitet verschiedene Forschungs- und Entwicklungsprojekte im Bereich der Literalit\u00e4t mit dem Ziel, Kinder, Jugendliche und Erwachsene in ihren sprachlichen Kompetenzen zu f\u00f6rdern und Lehrpersonen im Sprachunterricht zu unterst\u00fctzen.<\/p>\n","protected":false},"author":3,"featured_media":9831,"parent":0,"menu_order":0,"comment_status":"closed","ping_status":"closed","template":"","meta":{"_acf_changed":false,"iawp_total_views":1380,"footnotes":""},"coauthors":[201],"class_list":["post-8042","page","type-page","status-publish","has-post-thumbnail","hentry"],"acf":[],"_links":{"self":[{"href":"https:\/\/www.fhnw.ch\/plattformen\/zl\/wp-json\/wp\/v2\/pages\/8042","targetHints":{"allow":["GET"]}}],"collection":[{"href":"https:\/\/www.fhnw.ch\/plattformen\/zl\/wp-json\/wp\/v2\/pages"}],"about":[{"href":"https:\/\/www.fhnw.ch\/plattformen\/zl\/wp-json\/wp\/v2\/types\/page"}],"author":[{"embeddable":true,"href":"https:\/\/www.fhnw.ch\/plattformen\/zl\/wp-json\/wp\/v2\/users\/3"}],"replies":[{"embeddable":true,"href":"https:\/\/www.fhnw.ch\/plattformen\/zl\/wp-json\/wp\/v2\/comments?post=8042"}],"version-history":[{"count":53,"href":"https:\/\/www.fhnw.ch\/plattformen\/zl\/wp-json\/wp\/v2\/pages\/8042\/revisions"}],"predecessor-version":[{"id":14675,"href":"https:\/\/www.fhnw.ch\/plattformen\/zl\/wp-json\/wp\/v2\/pages\/8042\/revisions\/14675"}],"wp:featuredmedia":[{"embeddable":true,"href":"https:\/\/www.fhnw.ch\/plattformen\/zl\/wp-json\/wp\/v2\/media\/9831"}],"wp:attachment":[{"href":"https:\/\/www.fhnw.ch\/plattformen\/zl\/wp-json\/wp\/v2\/media?parent=8042"}],"wp:term":[{"taxonomy":"author","embeddable":true,"href":"https:\/\/www.fhnw.ch\/plattformen\/zl\/wp-json\/wp\/v2\/coauthors?post=8042"}],"curies":[{"name":"wp","href":"https:\/\/api.w.org\/{rel}","templated":true}]}}