{"id":8967,"date":"2007-01-08T10:13:02","date_gmt":"2007-01-08T09:13:02","guid":{"rendered":"https:\/\/www.fhnw.ch\/plattformen\/zl\/?page_id=8967"},"modified":"2026-01-29T17:05:13","modified_gmt":"2026-01-29T16:05:13","slug":"tagungen-dies","status":"publish","type":"page","link":"https:\/\/www.fhnw.ch\/plattformen\/zl\/dies-didaktisch-empirische-schreibforschung\/tagungen-dies\/","title":{"rendered":"Tagungen dieS"},"content":{"rendered":"<p>dieS veranstaltet regelm\u00e4\u00dfig Tagungen in Form von Sommerschulen. Diese bieten die Gelegenheit zu intensivem wissenschaftlichem Austausch. In ausgew\u00e4hlten Vortr\u00e4gen und Workshops werden aktuelle Trends der Schreibforschung thematisiert und oftmals Zwischenergebnisse aus laufenden Forschungsprojekten vorgestellt und diskutiert.<\/p>\n<div id=\"content-core\">\n<div id=\"parent-fieldname-text-3f3278f259244c4db76012780748ae5f\">\n<p>Einen besonderen Stellenwert genie\u00dft die F\u00f6rderung des wissenschaftlichen Nachwuchses. Im Rahmen von kleinen Kolloquien und Kurzvortr\u00e4gen k\u00f6nnen Promovierende ihre Projekte vorstellen und fachlich fundiertes Feedback mit einem \u201efrischen Blick von au\u00dfen\u201c bekommen. Die Tagungen laden zudem zum Austausch und zum Kn\u00fcpfen neuer Kontakte ein.<\/p>\n<\/div>\n<\/div>\n","protected":false},"excerpt":{"rendered":"<p>dieS veranstaltet regelm\u00e4\u00dfig Tagungen in Form von Sommerschulen. Diese bieten die Gelegenheit zu intensivem wissenschaftlichem Austausch. In ausgew\u00e4hlten Vortr\u00e4gen und Workshops werden aktuelle Trends der Schreibforschung thematisiert und oftmals Zwischenergebnisse aus laufenden Forschungsprojekten vorgestellt und diskutiert. Einen besonderen Stellenwert genie\u00dft die F\u00f6rderung des wissenschaftlichen Nachwuchses. Im Rahmen von kleinen Kolloquien und Kurzvortr\u00e4gen k\u00f6nnen Promovierende ihre [&hellip;]<\/p>\n","protected":false},"author":17,"featured_media":9001,"parent":8371,"menu_order":0,"comment_status":"closed","ping_status":"closed","template":"","meta":{"_acf_changed":false,"iawp_total_views":257,"footnotes":""},"coauthors":[252],"class_list":["post-8967","page","type-page","status-publish","has-post-thumbnail","hentry"],"acf":[],"_links":{"self":[{"href":"https:\/\/www.fhnw.ch\/plattformen\/zl\/wp-json\/wp\/v2\/pages\/8967","targetHints":{"allow":["GET"]}}],"collection":[{"href":"https:\/\/www.fhnw.ch\/plattformen\/zl\/wp-json\/wp\/v2\/pages"}],"about":[{"href":"https:\/\/www.fhnw.ch\/plattformen\/zl\/wp-json\/wp\/v2\/types\/page"}],"author":[{"embeddable":true,"href":"https:\/\/www.fhnw.ch\/plattformen\/zl\/wp-json\/wp\/v2\/users\/17"}],"replies":[{"embeddable":true,"href":"https:\/\/www.fhnw.ch\/plattformen\/zl\/wp-json\/wp\/v2\/comments?post=8967"}],"version-history":[{"count":19,"href":"https:\/\/www.fhnw.ch\/plattformen\/zl\/wp-json\/wp\/v2\/pages\/8967\/revisions"}],"predecessor-version":[{"id":14798,"href":"https:\/\/www.fhnw.ch\/plattformen\/zl\/wp-json\/wp\/v2\/pages\/8967\/revisions\/14798"}],"up":[{"embeddable":true,"href":"https:\/\/www.fhnw.ch\/plattformen\/zl\/wp-json\/wp\/v2\/pages\/8371"}],"wp:featuredmedia":[{"embeddable":true,"href":"https:\/\/www.fhnw.ch\/plattformen\/zl\/wp-json\/wp\/v2\/media\/9001"}],"wp:attachment":[{"href":"https:\/\/www.fhnw.ch\/plattformen\/zl\/wp-json\/wp\/v2\/media?parent=8967"}],"wp:term":[{"taxonomy":"author","embeddable":true,"href":"https:\/\/www.fhnw.ch\/plattformen\/zl\/wp-json\/wp\/v2\/coauthors?post=8967"}],"curies":[{"name":"wp","href":"https:\/\/api.w.org\/{rel}","templated":true}]}}